{"id":17,"date":"2024-08-20T20:13:52","date_gmt":"2024-08-20T20:13:52","guid":{"rendered":"https:\/\/comprarrivotril.com\/?page_id=17"},"modified":"2024-08-20T20:13:52","modified_gmt":"2024-08-20T20:13:52","slug":"metatags1","status":"publish","type":"page","link":"https:\/\/comprarrivotril.com\/?page_id=17","title":{"rendered":"metatags1"},"content":{"rendered":"<div class=\"dark bg-gray-950 rounded-md border-[0.5px] border-token-border-medium\">\n<div class=\"overflow-y-auto p-4\" dir=\"ltr\"><code class=\"!whitespace-pre hljs language-plaintext\">Rivotril comprar, comprar Rivotril en l\u00ednea, Rivotril en l\u00ednea, compra segura de Rivotril, comprar Rivotril legalmente, Rivotril online, adquirir Rivotril, d\u00f3nde comprar Rivotril, comprar Rivotril autorizado, farmacia en l\u00ednea Rivotril, Rivotril medicamentos, compra Rivotril Espa\u00f1a, Rivotril para venta, Rivotril disponible en l\u00ednea, comprar Rivotril de manera segura, farmacia en l\u00ednea para Rivotril, conseguir Rivotril en l\u00ednea, Rivotril en venta, compra de Rivotril en farmacia, d\u00f3nde adquirir Rivotril, Rivotril medicamento recetado, comprar Rivotril confiable, Rivotril online en Espa\u00f1a, adquirir Rivotril en l\u00ednea, compra segura Rivotril, Rivotril sin prescripci\u00f3n, compra Rivotril m\u00e9dica, Rivotril online compra, Rivotril env\u00edo en l\u00ednea, compra de medicamentos Rivotril, Rivotril en l\u00ednea Espa\u00f1a, farmacias en l\u00ednea Rivotril, Rivotril farmacia segura, comprar Rivotril autorizado en l\u00ednea, Rivotril medicamento, conseguir Rivotril Espa\u00f1a, compra de Rivotril en l\u00ednea segura, d\u00f3nde encontrar Rivotril, Rivotril legal en l\u00ednea, Rivotril receta en l\u00ednea, comprar Rivotril farmacia online, Rivotril en l\u00ednea seguro, adquirir Rivotril Espa\u00f1a, Rivotril medicamento online, compra Rivotril farmacia, d\u00f3nde comprar Rivotril en l\u00ednea, Rivotril en l\u00ednea confiable, comprar Rivotril desde casa, compra Rivotril leg\u00edtima, Rivotril online autorizado, obtener Rivotril online, Rivotril medicamentos en l\u00ednea, farmacias Rivotril, Rivotril env\u00edo Espa\u00f1a, comprar Rivotril con receta, Rivotril farmacia en l\u00ednea, d\u00f3nde conseguir Rivotril en l\u00ednea, comprar Rivotril en Espa\u00f1a, Rivotril online seguro, obtener Rivotril en Espa\u00f1a, comprar Rivotril legal, farmacia online Rivotril, compra de Rivotril autorizada, conseguir Rivotril legalmente, Rivotril online sin receta, compra en l\u00ednea de Rivotril, d\u00f3nde adquirir Rivotril en l\u00ednea, compra segura de Rivotril en l\u00ednea, farmacias en l\u00ednea para Rivotril, obtener Rivotril legal, Rivotril seguro en l\u00ednea, Rivotril en l\u00ednea con receta, d\u00f3nde comprar Rivotril autorizado, Rivotril en l\u00ednea leg\u00edtimo, comprar Rivotril Espa\u00f1a en l\u00ednea, Rivotril medicamentos Espa\u00f1a, conseguir Rivotril en l\u00ednea, Rivotril farmacia online segura, comprar Rivotril en l\u00ednea Espa\u00f1a, Rivotril online Espa\u00f1a, Rivotril farmacia en l\u00ednea segura, Rivotril online medicamento, compra de Rivotril con receta, d\u00f3nde comprar Rivotril medicamento, adquirir Rivotril legalmente, Rivotril online Espa\u00f1a seguro, obtener Rivotril de forma segura, compra segura Rivotril en Espa\u00f1a, Rivotril farmacias en l\u00ednea, comprar Rivotril medicamento en l\u00ednea, Rivotril online disponible, farmacias en l\u00ednea para comprar Rivotril, comprar Rivotril Espa\u00f1a legal, Rivotril env\u00edo seguro, Rivotril online farmacias, comprar Rivotril con receta m\u00e9dica, obtener Rivotril en l\u00ednea Espa\u00f1a, Rivotril en l\u00ednea confiable Espa\u00f1a, d\u00f3nde encontrar Rivotril medicamento, Rivotril en l\u00ednea desde casa, comprar Rivotril con seguridad, farmacia Rivotril en l\u00ednea segura, Rivotril seguro en Espa\u00f1a, Rivotril online autorizado en Espa\u00f1a, d\u00f3nde comprar Rivotril en farmacias, Rivotril en l\u00ednea compra segura, comprar Rivotril en l\u00ednea autorizado, Rivotril disponible online, Rivotril farmacias online, conseguir Rivotril de farmacia en l\u00ednea, Rivotril en l\u00ednea Espa\u00f1a confiable, comprar Rivotril en Espa\u00f1a segura, farmacia online de Rivotril segura, Rivotril medicamentos en l\u00ednea Espa\u00f1a, Rivotril online leg\u00edtimo, adquirir Rivotril en l\u00ednea segura, farmacias online Rivotril Espa\u00f1a, Rivotril en l\u00ednea farmacia autorizada, comprar Rivotril en l\u00ednea Espa\u00f1a seguro, obtener Rivotril en farmacias online, Rivotril seguro de compra, Rivotril en l\u00ednea Espa\u00f1a farmacia, conseguir Rivotril legal, Rivotril en l\u00ednea con seguridad, compra de Rivotril Espa\u00f1a online, farmacias en l\u00ednea autorizadas para Rivotril, Rivotril compra en l\u00ednea segura, Rivotril medicamentos online, obtener Rivotril Espa\u00f1a legal, comprar Rivotril en l\u00ednea de manera segura, Rivotril en l\u00ednea legal, conseguir Rivotril de forma legal, farmacia en l\u00ednea para comprar Rivotril Espa\u00f1a, Rivotril en l\u00ednea farmacias autorizadas, comprar Rivotril Espa\u00f1a en l\u00ednea seguro, d\u00f3nde comprar Rivotril de forma segura, farmacias Rivotril online Espa\u00f1a, obtener Rivotril online Espa\u00f1a legal, Rivotril en l\u00ednea farmacias, compra de Rivotril en Espa\u00f1a confiable, d\u00f3nde conseguir Rivotril en l\u00ednea segura, Rivotril en l\u00ednea confiable para compra, farmacia en l\u00ednea Espa\u00f1a Rivotril, obtener Rivotril Espa\u00f1a online, Rivotril en l\u00ednea farmac\u00e9utico, Rivotril compra en l\u00ednea confiable, farmacias online para Rivotril Espa\u00f1a, comprar Rivotril en l\u00ednea Espa\u00f1a confiable, adquirir Rivotril en l\u00ednea Espa\u00f1a seguro, Rivotril en l\u00ednea de farmacia segura, Rivotril compra online autorizada, conseguir Rivotril online Espa\u00f1a confiable, farmacias para Rivotril en l\u00ednea, Rivotril en l\u00ednea Espa\u00f1a compra segura, Rivotril farmacia en l\u00ednea Espa\u00f1a, comprar Rivotril en l\u00ednea legal, Rivotril en l\u00ednea para farmacias, conseguir Rivotril de farmacia en l\u00ednea segura, compra de Rivotril en l\u00ednea segura Espa\u00f1a, obtener Rivotril online legal, Rivotril en l\u00ednea Espa\u00f1a autorizado, farmacia en l\u00ednea de Rivotril, conseguir Rivotril online Espa\u00f1a, compra Rivotril online seguro, Rivotril en l\u00ednea compra confiable Espa\u00f1a, farmacias en l\u00ednea para Rivotril Espa\u00f1a, obtener Rivotril en l\u00ednea autorizado, Rivotril Espa\u00f1a en l\u00ednea farmacia, comprar Rivotril legal en l\u00ednea, d\u00f3nde adquirir Rivotril en Espa\u00f1a, farmacias online Rivotril Espa\u00f1a, Rivotril en l\u00ednea de compra segura, conseguir Rivotril en l\u00ednea Espa\u00f1a seguro, compra Rivotril en l\u00ednea Espa\u00f1a autorizado, Rivotril en l\u00ednea Espa\u00f1a legal, obtener Rivotril legalmente en l\u00ednea, farmacia en l\u00ednea para Rivotril en Espa\u00f1a, Rivotril en l\u00ednea confiable Espa\u00f1a, Rivotril farmacia online Espa\u00f1a, conseguir Rivotril de farmacia en l\u00ednea Espa\u00f1a, compra segura de Rivotril en l\u00ednea Espa\u00f1a, Rivotril Espa\u00f1a en l\u00ednea seguro, farmacias en l\u00ednea para Rivotril seguro, obtener Rivotril en l\u00ednea Espa\u00f1a legal, comprar Rivotril en l\u00ednea con seguridad Espa\u00f1a, Rivotril online Espa\u00f1a seguro, d\u00f3nde comprar Rivotril de farmacia, farmacias en l\u00ednea para adquirir Rivotril, Rivotril en l\u00ednea Espa\u00f1a segura, obtener Rivotril legalmente online, farmacias online para Rivotril, compra segura Rivotril online Espa\u00f1a, conseguir Rivotril en l\u00ednea Espa\u00f1a, Rivotril en l\u00ednea farmacia Espa\u00f1a, comprar Rivotril Espa\u00f1a de manera segura, obtener Rivotril en l\u00ednea de farmacia segura, Rivotril en l\u00ednea Espa\u00f1a confiable, comprar Rivotril en l\u00ednea autorizado Espa\u00f1a, d\u00f3nde conseguir Rivotril Espa\u00f1a online, farmacias en l\u00ednea para compra Rivotril, Rivotril online en Espa\u00f1a compra segura, comprar Rivotril Espa\u00f1a en l\u00ednea legal, farmacias en l\u00ednea para Rivotril autorizado, obtener Rivotril online seguro Espa\u00f1a, Rivotril en l\u00ednea farmacias seguras, compra Rivotril Espa\u00f1a online confiable, d\u00f3nde adquirir Rivotril en l\u00ednea, obtener Rivotril Espa\u00f1a en l\u00ednea seguro.<br \/>\n<\/code><\/div>\n<\/div>\n<p>&nbsp;<\/p>\n<div class='smartthreema_box'><img src='https:\/\/comprarrivotril.com\/wp-content\/plugins\/smart-threema\/images\/floating-button-threema-klein.png' class='smartthreema_img'><a href='https:\/\/three.ma\/JHXT6HHA' target='_blank' class='smartthreema_link'>Please Download Threema App<\/a><br><div class='smartthreema_minimsg'>to your Mobile Device and click again<\/div><\/div>","protected":false},"excerpt":{"rendered":"<p>Rivotril comprar, comprar Rivotril en l\u00ednea, Rivotril en l\u00ednea, compra segura de Rivotril, comprar Rivotril legalmente, Rivotril online, adquirir Rivotril, d\u00f3nde comprar Rivotril, comprar Rivotril autorizado, farmacia en l\u00ednea Rivotril, Rivotril medicamentos, compra Rivotril Espa\u00f1a, Rivotril para venta, Rivotril disponible <a class=\"more-link\" href=\"https:\/\/comprarrivotril.com\/?page_id=17\">Seguir leyendo <span class=\"screen-reader-text\">  metatags1<\/span><span class=\"meta-nav\">&rarr;<\/span><\/a><\/p>\n","protected":false},"author":1,"featured_media":0,"parent":0,"menu_order":0,"comment_status":"closed","ping_status":"closed","template":"","meta":{"footnotes":""},"class_list":["post-17","page","type-page","status-publish","hentry"],"_links":{"self":[{"href":"https:\/\/comprarrivotril.com\/index.php?rest_route=\/wp\/v2\/pages\/17","targetHints":{"allow":["GET"]}}],"collection":[{"href":"https:\/\/comprarrivotril.com\/index.php?rest_route=\/wp\/v2\/pages"}],"about":[{"href":"https:\/\/comprarrivotril.com\/index.php?rest_route=\/wp\/v2\/types\/page"}],"author":[{"embeddable":true,"href":"https:\/\/comprarrivotril.com\/index.php?rest_route=\/wp\/v2\/users\/1"}],"replies":[{"embeddable":true,"href":"https:\/\/comprarrivotril.com\/index.php?rest_route=%2Fwp%2Fv2%2Fcomments&post=17"}],"version-history":[{"count":0,"href":"https:\/\/comprarrivotril.com\/index.php?rest_route=\/wp\/v2\/pages\/17\/revisions"}],"wp:attachment":[{"href":"https:\/\/comprarrivotril.com\/index.php?rest_route=%2Fwp%2Fv2%2Fmedia&parent=17"}],"curies":[{"name":"wp","href":"https:\/\/api.w.org\/{rel}","templated":true}]}}