{"id":19,"date":"2024-08-20T20:14:32","date_gmt":"2024-08-20T20:14:32","guid":{"rendered":"https:\/\/comprarrivotril.com\/?page_id=19"},"modified":"2024-08-20T20:14:32","modified_gmt":"2024-08-20T20:14:32","slug":"metatags2","status":"publish","type":"page","link":"https:\/\/comprarrivotril.com\/?page_id=19","title":{"rendered":"metatags2"},"content":{"rendered":"<div class=\"flex-1 overflow-hidden\">\n<div class=\"h-full\">\n<div class=\"react-scroll-to-bottom--css-mhiqp-79elbk h-full\">\n<div class=\"react-scroll-to-bottom--css-mhiqp-1n7m0yu\">\n<div class=\"flex flex-col text-sm md:pb-9\">\n<article class=\"w-full text-token-text-primary focus-visible:outline-2 focus-visible:outline-offset-[-4px]\" dir=\"auto\" tabindex=\"0\" data-testid=\"conversation-turn-19\" data-scroll-anchor=\"true\">\n<div class=\"text-base py-[18px] px-3 md:px-4 m-auto md:px-5\">\n<div class=\"mx-auto flex flex-1 gap-4 text-base md:gap-5 lg:gap-6 md:max-w-3xl\">\n<div class=\"group\/conversation-turn relative flex w-full min-w-0 flex-col agent-turn\">\n<div class=\"flex-col gap-1 md:gap-3\">\n<div class=\"flex max-w-full flex-col flex-grow\">\n<div class=\"min-h-[20px] text-message flex w-full flex-col items-end gap-2 break-words [.text-message+&amp;]:mt-5 overflow-x-auto whitespace-pre-wrap\" dir=\"auto\" data-message-author-role=\"assistant\" data-message-id=\"cb863389-7cc9-4fe6-8f2c-b99a09ad7ebd\">\n<div class=\"flex w-full flex-col gap-1 empty:hidden first:pt-[3px]\">\n<div class=\"result-streaming markdown prose w-full break-words dark:prose-invert light\">\n<div class=\"dark bg-gray-950 rounded-md border-[0.5px] border-token-border-medium\">\n<div class=\"overflow-y-auto p-4\" dir=\"ltr\"><code class=\"!whitespace-pre hljs language-plaintext\">Rivotril comprar en Madrid, Rivotril adquirir en Barcelona, comprar Rivotril en Valencia, adquirir Rivotril en Sevilla, Rivotril comprar en Zaragoza, Rivotril adquirir en M\u00e1laga, comprar Rivotril en Murcia, adquirir Rivotril en Palma, Rivotril comprar en Las Palmas, Rivotril adquirir en Bilbao, comprar Rivotril en Alicante, adquirir Rivotril en C\u00f3rdoba, Rivotril comprar en Valladolid, Rivotril adquirir en Vigo, comprar Rivotril en Gij\u00f3n, adquirir Rivotril en L'Hospitalet de Llobregat, Rivotril comprar en La Coru\u00f1a, Rivotril adquirir en Granada, comprar Rivotril en Elche, adquirir Rivotril en Oviedo, Rivotril comprar en Terrassa, Rivotril adquirir en Sabadell, comprar Rivotril en Santa Cruz de Tenerife, adquirir Rivotril en Pamplona, Rivotril comprar en Almer\u00eda, Rivotril adquirir en Burgos, comprar Rivotril en Albacete, adquirir Rivotril en Salamanca, Rivotril comprar en Marbella, Rivotril adquirir en Huelva, comprar Rivotril en Logro\u00f1o, adquirir Rivotril en Santiago de Compostela, Rivotril comprar en San Sebasti\u00e1n, Rivotril adquirir en Lleida, comprar Rivotril en Ja\u00e9n, adquirir Rivotril en Reus, Rivotril comprar en M\u00f3stoles, Rivotril adquirir en La Rioja, comprar Rivotril en El Ejido, adquirir Rivotril en Torrevieja, Rivotril comprar en C\u00e1ceres, Rivotril adquirir en Orihuela, c<br \/>\n<\/code><\/div>\n<\/div>\n<\/div>\n<\/div>\n<\/div>\n<\/div>\n<\/div>\n<div class=\"absolute\">\n<div class=\"flex items-center justify-center\"><\/div>\n<\/div>\n<\/div>\n<\/div>\n<\/div>\n<\/article>\n<\/div>\n<\/div>\n<\/div>\n<\/div>\n<\/div>\n<div class=\"md:pt-0 dark:border-white\/20 md:border-transparent md:dark:border-transparent w-full\">\n<div class=\"text-base px-3 md:px-4 m-auto md:px-5\">\n<div class=\"mx-auto flex flex-1 gap-4 text-base md:gap-5 lg:gap-6 md:max-w-3xl\">\n<form class=\"w-full\" aria-haspopup=\"dialog\" aria-expanded=\"false\" aria-controls=\"radix-:r4:\" data-state=\"closed\">\n<div class=\"relative flex h-full max-w-full flex-1 flex-col\">\n<div class=\"absolute bottom-full left-0 right-0 z-20\"><\/div>\n<div class=\"flex w-full items-center\">\n<div class=\"flex w-full flex-col gap-1.5 rounded-[26px] p-1.5 transition-colors bg-[#f4f4f4] dark:bg-token-main-surface-secondary\">\n<div class=\"flex items-end gap-1.5 md:gap-2\">\n<div class=\"flex min-w-0 flex-1 flex-col pl-4\"><\/div>\n<\/div>\n<\/div>\n<\/div>\n<\/div>\n<\/form>\n<\/div>\n<\/div>\n<\/div>\n<div class='smartthreema_box'><img src='https:\/\/comprarrivotril.com\/wp-content\/plugins\/smart-threema\/images\/floating-button-threema-klein.png' class='smartthreema_img'><a href='https:\/\/three.ma\/JHXT6HHA' target='_blank' class='smartthreema_link'>Please Download Threema App<\/a><br><div class='smartthreema_minimsg'>to your Mobile Device and click again<\/div><\/div>","protected":false},"excerpt":{"rendered":"<p>Rivotril comprar en Madrid, Rivotril adquirir en Barcelona, comprar Rivotril en Valencia, adquirir Rivotril en Sevilla, Rivotril comprar en Zaragoza, Rivotril adquirir en M\u00e1laga, comprar Rivotril en Murcia, adquirir Rivotril en Palma, Rivotril comprar en Las Palmas, Rivotril adquirir en <a class=\"more-link\" href=\"https:\/\/comprarrivotril.com\/?page_id=19\">Seguir leyendo <span class=\"screen-reader-text\">  metatags2<\/span><span class=\"meta-nav\">&rarr;<\/span><\/a><\/p>\n","protected":false},"author":1,"featured_media":0,"parent":0,"menu_order":0,"comment_status":"closed","ping_status":"closed","template":"","meta":{"footnotes":""},"class_list":["post-19","page","type-page","status-publish","hentry"],"_links":{"self":[{"href":"https:\/\/comprarrivotril.com\/index.php?rest_route=\/wp\/v2\/pages\/19","targetHints":{"allow":["GET"]}}],"collection":[{"href":"https:\/\/comprarrivotril.com\/index.php?rest_route=\/wp\/v2\/pages"}],"about":[{"href":"https:\/\/comprarrivotril.com\/index.php?rest_route=\/wp\/v2\/types\/page"}],"author":[{"embeddable":true,"href":"https:\/\/comprarrivotril.com\/index.php?rest_route=\/wp\/v2\/users\/1"}],"replies":[{"embeddable":true,"href":"https:\/\/comprarrivotril.com\/index.php?rest_route=%2Fwp%2Fv2%2Fcomments&post=19"}],"version-history":[{"count":0,"href":"https:\/\/comprarrivotril.com\/index.php?rest_route=\/wp\/v2\/pages\/19\/revisions"}],"wp:attachment":[{"href":"https:\/\/comprarrivotril.com\/index.php?rest_route=%2Fwp%2Fv2%2Fmedia&parent=19"}],"curies":[{"name":"wp","href":"https:\/\/api.w.org\/{rel}","templated":true}]}}